{"id":7849,"date":"2024-04-26T09:19:04","date_gmt":"2024-04-26T09:19:04","guid":{"rendered":"https:\/\/wpachem.com\/?post_type=product&#038;p=7849"},"modified":"2024-04-26T09:19:05","modified_gmt":"2024-04-26T09:19:05","slug":"sebs-yh-507-567-yh-505-yh-506-506h-es-series-sebs-sebs-yh-520-sebs-yh-535","status":"publish","type":"product","link":"https:\/\/wpachem.com\/vi\/product\/sebs-yh-507-567-yh-505-yh-506-506h-es-series-sebs-sebs-yh-520-sebs-yh-535\/","title":{"rendered":"SEBS YH-507\/567\/YH-505 YH-506\/506H D\u00f2ng ES SEBS SEBS YH-520 SEBS YH-535"},"content":{"rendered":"<p>SEBS cho m\u00e0ng b\u1ea3o v\u1ec7 t\u1ef1 d\u00ednh<\/p>\n<p>SEBS YH-507\/567<\/p>\n<p>T\u00ednh n\u0103ng: \u0110\u1ed3ng tr\u00f9ng h\u1ee3p kh\u1ed1i tuy\u1ebfn t\u00ednh Ch\u1ee9a di-block<\/p>\n<p>\u1ee8ng d\u1ee5ng: Chu\u1ea9n b\u1ecb l\u1edbp keo d\u00ednh trong m\u00e0ng b\u1ea3o v\u1ec7 \u0111\u1ec3 b\u1ea3o v\u1ec7 b\u1ec1 m\u1eb7t v\u1eadt th\u1ec3 trong ng\u00e0nh c\u00f4ng nghi\u1ec7p bao g\u1ed3m ph\u1ea7n c\u1ee9ng, \u0111i\u1ec7n t\u1eed, ki\u1ebfn tr\u00fac, s\u01a1n \u00f4 t\u00f4, th\u00e9p kh\u00f4ng g\u1ec9, thi\u1ebft b\u1ecb quang h\u1ecdc, m\u00e0ng co, v.v. S\u1eeda \u0111\u1ed5i nh\u1ef1a<\/p>\n<p>\u0110\u00f3ng g\u00f3i: Bao PE 13 kg<\/p>\n<p>&nbsp;<\/p>\n<p>C\u1ea5p SEBS c\u00f3 \u0111\u1ed9 l\u01b0u \u0111\u1ed9ng cao<\/p>\n<p>SEBS YH-505<\/p>\n<p>\u0110\u1eb7c tr\u01b0ng :<br \/>\nCopolymer kh\u1ed1i tuy\u1ebfn t\u00ednh<br \/>\nT\u00ednh l\u01b0u \u0111\u1ed9ng cao<br \/>\nKh\u1ea3 n\u0103ng t\u01b0\u01a1ng th\u00edch t\u1ed1t v\u1edbi polyolefin<br \/>\nKh\u1ea3 n\u0103ng x\u1eed l\u00fd tuy\u1ec7t v\u1eddi<\/p>\n<p>\u1ee8ng d\u1ee5ng \uff1a<br \/>\nDa ph\u1ee7 \u00f4 t\u00f4<\/p>\n<p>Da gi\u1ea3<\/p>\n<p>S\u1ee3i s\u1ee3i \u0111\u00e0n h\u1ed3i<\/p>\n<p>\u0110\u00f3ng g\u00f3i: Bao PE 13 kg<\/p>\n<p>&nbsp;<\/p>\n<p>Y t\u1ebf SEBS ph\u00e2n lo\u1ea1i SEBS YH-506\/506H<\/p>\n<p>\u0110\u1eb7c tr\u01b0ng :<br \/>\nC\u1ea5u tr\u00fac vinyl cao<br \/>\nT\u01b0\u01a1ng th\u00edch t\u1ed1t v\u1edbi PP<\/p>\n<p>\u1ee8ng d\u1ee5ng \uff1a<br \/>\nC\u00e1c thi\u1ebft b\u1ecb y t\u1ebf nh\u01b0 \u1ed1ng truy\u1ec1n d\u1ecbch, \u1ed1ng th\u00f4ng v\u00e0 ch\u00e2m c\u1ee9u da \u0111\u1ea7u<\/p>\n<p>Bao b\u00ec d\u01b0\u1ee3c ph\u1ea9m<\/p>\n<p>S\u1eeda \u0111\u1ed5i nh\u1ef1a<\/p>\n<p>D\u00f2ng ES SEBS<\/p>\n<p>C\u00e1c s\u1ea3n ph\u1ea9m d\u00f2ng ES l\u00e0 s\u1ea3n ph\u1ea9m hydro h\u00f3a c\u1ee7a copolyme styrene-butadiene. V\u1edbi \u0111\u1ed9 \u0111\u00e0n h\u1ed3i cao v\u00e0 \u0111\u1ed9 b\u1ec1n k\u00e9o, kh\u1ea3 n\u0103ng ch\u1ed1ng tr\u1ea7y x\u01b0\u1edbc v\u00e0 hi\u1ec7u su\u1ea5t ph\u1ee7 tuy\u1ec7t v\u1eddi, ch\u00fang c\u00f3 th\u1ec3 \u0111\u01b0\u1ee3c \u1ee9ng d\u1ee5ng \u0111\u1ec3 s\u1ea3n xu\u1ea5t gi\u00e0y qu\u00e2n \u0111\u1ed9i ch\u1ed1ng \u0111\u00e2m th\u1ee7ng, l\u1edbp xen k\u1ebd k\u00ednh ch\u1ed1ng \u0111\u1ea1n v\u00e0 c\u00e1c s\u1ea3n ph\u1ea9m d\u00e2y ch\u1ed1ng tr\u1ea7y x\u01b0\u1edbc, v.v. Quan tr\u1ecdng h\u01a1n, c\u00e1c polyme c\u00f3 c\u1ea5u tr\u00fac n\u00e0y c\u00f3 \u0111\u1ed9 b\u1ec1n n\u00f3ng ch\u1ea3y cao h\u01a1n trong qu\u00e1 tr\u00ecnh t\u1ea1o b\u1ecdt so v\u1edbi SEBS truy\u1ec1n th\u1ed1ng v\u00e0 \u00edt b\u1ecb v\u1ee1 \u00f4 h\u01a1n. Ch\u00fang c\u00f3 th\u1ec3 thu \u0111\u01b0\u1ee3c c\u1ea5u tr\u00fac \u00f4 v\u00f2ng k\u00edn t\u1ed1t v\u00e0 v\u1eadt li\u1ec7u b\u1ecdt \u0111\u01b0\u1ee3c ch\u1ebf t\u1ea1o t\u1eeb ch\u00fang c\u00f3 t\u00ednh ch\u1ea5t ph\u1ee5c h\u1ed3i v\u00e0 n\u00e9n t\u1ed1t h\u01a1n. Do \u0111\u00f3, ch\u00fang \u0111\u1eb7c bi\u1ec7t th\u00edch h\u1ee3p \u0111\u1ec3 t\u1ea1o b\u1ecdt cho v\u1eadt li\u1ec7u gi\u00e0y v\u00e0 v\u00e1n, v.v.<\/p>\n<p>SEBS YH-520<\/p>\n<p>\u0110\u1eb7c tr\u01b0ng :<br \/>\n\u0110\u1ed3ng tr\u00f9ng h\u1ee3p kh\u1ed1i styrene-butadiene<\/p>\n<p>M\u00f4 \u0111un \u0111\u00e0n h\u1ed3i cao, kh\u1ea3 n\u0103ng ch\u1ed1ng tr\u1ea7y x\u01b0\u1edbc v\u00e0 ch\u1ed1ng \u0111\u00e2m th\u1ee7ng<\/p>\n<p>T\u00ednh ch\u1ea5t ph\u1ee5c h\u1ed3i v\u00e0 n\u00e9n tuy\u1ec7t v\u1eddi sau khi t\u1ea1o b\u1ecdt<\/p>\n<p>\u1ee8ng d\u1ee5ng:<br \/>\n\u0110\u1ebf gi\u1eefa gi\u00e0y th\u1ec3 thao b\u1eb1ng b\u1ecdt c\u00f3 \u0111\u1ed9 \u0111\u00e0n h\u1ed3i cao<br \/>\nPhim k\u1eb9p k\u00ednh an to\u00e0n (thay th\u1ebf phim PVB)<\/p>\n<p>SEBS YH-535<\/p>\n<p>\u0110\u1eb7c tr\u01b0ng :<br \/>\n\u0110\u1ed3ng tr\u00f9ng h\u1ee3p kh\u1ed1i styrene-butadiene<br \/>\nHi\u1ec7u su\u1ea5t ph\u1ee5c h\u1ed3i cao<\/p>\n<p>\u1ee8ng d\u1ee5ng \uff1aThay th\u1ebf OBC \u0111\u1ec3 bi\u1ebfn t\u00ednh EVA nh\u1eb1m c\u1ea3i thi\u1ec7n kh\u1ea3 n\u0103ng ph\u1ee5c h\u1ed3i v\u00e0 kh\u1ea3 n\u0103ng ch\u1ed1ng co ng\u00f3t c\u1ee7a v\u1eadt li\u1ec7u x\u1ed1p<\/p>\n<p>So v\u1edbi EVA ch\u01b0a bi\u1ebfn t\u00ednh, OBC v\u00e0 535 c\u00f3 th\u1ec3 c\u1ea3i thi\u1ec7n \u0111\u00e1ng k\u1ec3 kh\u1ea3 n\u0103ng ph\u1ee5c h\u1ed3i v\u00e0 kh\u1ea3 n\u0103ng ch\u1ed1ng co ng\u00f3t c\u1ee7a v\u1eadt li\u1ec7u x\u1ed1p, hi\u1ec7u qu\u1ea3 c\u1ee7a 535 t\u01b0\u01a1ng \u0111\u01b0\u01a1ng v\u1edbi OBC, m\u1ed9t s\u1ed1 ch\u1ec9 s\u1ed1 c\u00f2n v\u01b0\u1ee3t tr\u1ed9i h\u01a1n OBC.<\/p>","protected":false},"excerpt":{"rendered":"<p>SEBS cho m\u00e0ng b\u1ea3o v\u1ec7 t\u1ef1 d\u00ednh SEBS YH-507\/567 T\u00ednh n\u0103ng: \u0110\u1ed3ng tr\u00f9ng h\u1ee3p kh\u1ed1i tuy\u1ebfn t\u00ednh Ch\u1ee9a di-block \u1ee8ng d\u1ee5ng \uff1a \u0110\u1ec3 chu\u1ea9n b\u1ecb l\u1edbp keo d\u00ednh trong m\u00e0ng b\u1ea3o v\u1ec7 nh\u1eb1m b\u1ea3o v\u1ec7 b\u1ec1 m\u1eb7t v\u1eadt th\u1ec3 trong ng\u00e0nh c\u00f4ng nghi\u1ec7p bao g\u1ed3m ph\u1ea7n c\u1ee9ng, \u0111i\u1ec7n t\u1eed, ki\u1ebfn tr\u00fac, s\u01a1n \u00f4 t\u00f4, th\u00e9p kh\u00f4ng g\u1ec9, thi\u1ebft b\u1ecb quang h\u1ecdc, m\u00e0ng co\u5410on, v.v. S\u1eeda \u0111\u1ed5i nh\u1ef1a \u0110\u00f3ng g\u00f3i: T\u00fai PE 13 kg \u0110\u1ed9 l\u01b0u \u0111\u1ed9ng cao C\u1ea5p SEBS SEBS YH-505 T\u00ednh n\u0103ng \uff1a Tuy\u1ebfn t\u00ednh [\u2026]<\/p>","protected":false},"featured_media":7852,"template":"","meta":{"_acf_changed":false,"_gspb_post_css":""},"product_brand":[],"product_cat":[62],"product_tag":[],"class_list":{"0":"post-7849","1":"product","2":"type-product","3":"status-publish","4":"has-post-thumbnail","6":"product_cat-rubberplastic-ingredients","8":"first","9":"instock","10":"shipping-taxable","11":"product-type-simple"},"acf":[],"_links":{"self":[{"href":"https:\/\/wpachem.com\/vi\/wp-json\/wp\/v2\/product\/7849","targetHints":{"allow":["GET"]}}],"collection":[{"href":"https:\/\/wpachem.com\/vi\/wp-json\/wp\/v2\/product"}],"about":[{"href":"https:\/\/wpachem.com\/vi\/wp-json\/wp\/v2\/types\/product"}],"version-history":[{"count":0,"href":"https:\/\/wpachem.com\/vi\/wp-json\/wp\/v2\/product\/7849\/revisions"}],"wp:featuredmedia":[{"embeddable":true,"href":"https:\/\/wpachem.com\/vi\/wp-json\/wp\/v2\/media\/7852"}],"wp:attachment":[{"href":"https:\/\/wpachem.com\/vi\/wp-json\/wp\/v2\/media?parent=7849"}],"wp:term":[{"taxonomy":"product_brand","embeddable":true,"href":"https:\/\/wpachem.com\/vi\/wp-json\/wp\/v2\/product_brand?post=7849"},{"taxonomy":"product_cat","embeddable":true,"href":"https:\/\/wpachem.com\/vi\/wp-json\/wp\/v2\/product_cat?post=7849"},{"taxonomy":"product_tag","embeddable":true,"href":"https:\/\/wpachem.com\/vi\/wp-json\/wp\/v2\/product_tag?post=7849"}],"curies":[{"name":"wp","href":"https:\/\/api.w.org\/{rel}","templated":true}]}}