{"id":7854,"date":"2024-04-28T06:54:50","date_gmt":"2024-04-28T06:54:50","guid":{"rendered":"https:\/\/wpachem.com\/?post_type=product&#038;p=7854"},"modified":"2024-04-28T07:08:52","modified_gmt":"2024-04-28T07:08:52","slug":"ssbr-solution-styrene-butadiene-rubber","status":"publish","type":"product","link":"https:\/\/wpachem.com\/vi\/product\/ssbr-solution-styrene-butadiene-rubber\/","title":{"rendered":"Dung d\u1ecbch SSBR Cao su styrene butadiene SSBR YH-3103 YH-5103"},"content":{"rendered":"<h3>Cao su styren butadien dung d\u1ecbch \u2013\u00a0<strong>Gi\u1edbi thi\u1ec7u<\/strong><\/h3>\n<div>\n<p>SSBR (Cao su Styrene-Butadiene), c\u00f2n \u0111\u01b0\u1ee3c g\u1ecdi l\u00e0 Cao su Styrene-Butadiene, l\u00e0 m\u1ed9t lo\u1ea1i Cao su t\u1ed5ng h\u1ee3p. N\u00f3 ch\u1ee7 y\u1ebfu \u0111\u01b0\u1ee3c t\u1ea1o ra b\u1eb1ng c\u00e1ch tr\u00f9ng h\u1ee3p hai h\u1ee3p ch\u1ea5t, styrene v\u00e0 butadiene.<\/p>\n<p>SSBR c\u00f3 c\u00e1c \u0111\u1eb7c t\u00ednh sau:<br \/>\n1. C\u00f3 kh\u1ea3 n\u0103ng ch\u1ed1ng m\u00e0i m\u00f2n v\u00e0 ch\u1ed1ng l\u00e3o h\u00f3a t\u1ed1t n\u00ean \u0111\u01b0\u1ee3c s\u1eed d\u1ee5ng r\u1ed9ng r\u00e3i trong ng\u00e0nh c\u00f4ng nghi\u1ec7p l\u1ed1p xe.<br \/>\n2. C\u00f3 \u0111\u1ed9 \u0111\u00e0n h\u1ed3i v\u00e0 kh\u1ea3 n\u0103ng ch\u1ecbu l\u1ea1nh t\u1ed1t, th\u00edch h\u1ee3p \u0111\u1ec3 s\u1ea3n xu\u1ea5t c\u00e1c s\u1ea3n ph\u1ea9m nh\u01b0 gio\u0103ng cao su v\u00e0 b\u1ed9 gi\u1ea3m ch\u1ea5n.<br \/>\n3. C\u00f3 \u0111\u1ed9 b\u1ec1n x\u00e9 v\u00e0 m\u00f4 \u0111un \u0111\u00e0n h\u1ed3i cao, do \u0111\u00f3 c\u00f3 th\u1ec3 mang l\u1ea1i \u0111\u1ed9 b\u1ec1n v\u00e0 \u0111\u1ed9 c\u1ee9ng t\u1ed1t cho c\u00e1c s\u1ea3n ph\u1ea9m cao su.<\/p>\n<p>Nh\u1eefng c\u00f4ng d\u1ee5ng ch\u00ednh c\u1ee7a SSBR bao g\u1ed3m:<br \/>\n1. S\u1ea3n xu\u1ea5t l\u1ed1p xe: SSBR \u0111\u01b0\u1ee3c s\u1eed d\u1ee5ng r\u1ed9ng r\u00e3i trong c\u00e1c lo\u1ea1i gai l\u1ed1p v\u00e0 h\u1ee3p ch\u1ea5t h\u00f4ng l\u1ed1p \u0111\u1ec3 mang l\u1ea1i kh\u1ea3 n\u0103ng ch\u1ed1ng m\u00e0i m\u00f2n v\u00e0 \u0111\u1ed9 b\u00e1m \u0111\u01b0\u1eddng tuy\u1ec7t v\u1eddi.<br \/>\n2. S\u1ea3n ph\u1ea9m cao su c\u00f4ng nghi\u1ec7p: bao g\u1ed3m gio\u0103ng cao su, b\u1ed9 gi\u1ea3m ch\u1ea5n cao su, b\u0103ng t\u1ea3i, l\u00f3t cao su v\u00e0 c\u00e1c \u1ee9ng d\u1ee5ng kh\u00e1c.<br \/>\n3. Gi\u00e0y b\u1ed1t, g\u0103ng tay v\u00e0 c\u00e1c s\u1ea3n ph\u1ea9m cao su kh\u00e1c: \u0110\u1ed9 \u0111\u00e0n h\u1ed3i t\u1ed1t v\u00e0 kh\u1ea3 n\u0103ng ch\u1ecbu l\u1ea1nh c\u1ee7a SSBR khi\u1ebfn n\u00f3 tr\u1edf th\u00e0nh v\u1eadt li\u1ec7u l\u00fd t\u01b0\u1edfng \u0111\u1ec3 s\u1ea3n xu\u1ea5t gi\u00e0y b\u1ed1t ch\u1ed1ng l\u1ea1nh, g\u0103ng tay lao \u0111\u1ed9ng v\u00e0 c\u00e1c s\u1ea3n ph\u1ea9m kh\u00e1c.<\/p>\n<p>Ph\u01b0\u01a1ng ph\u00e1p ch\u1ebf t\u1ea1o, SSBR th\u01b0\u1eddng \u0111\u01b0\u1ee3c t\u1ed5ng h\u1ee3p b\u1eb1ng ph\u1ea3n \u1ee9ng tr\u00f9ng h\u1ee3p. Ph\u01b0\u01a1ng ph\u00e1p s\u1ea3n xu\u1ea5t ph\u1ed5 bi\u1ebfn nh\u1ea5t l\u00e0 tr\u00f9ng h\u1ee3p styren v\u00e0 butadien th\u00e0nh chu\u1ed7i polyme b\u1eb1ng ph\u01b0\u01a1ng ph\u00e1p tr\u00f9ng h\u1ee3p nh\u0169 t\u01b0\u01a1ng ho\u1eb7c tr\u00f9ng h\u1ee3p dung d\u1ecbch b\u1eb1ng c\u00e1ch \u0111\u01b0a ch\u1ea5t kh\u1edfi t\u1ea1o v\u00e0 ch\u1ea5t \u0111i\u1ec1u ch\u1ec9nh tr\u00f9ng h\u1ee3p.<\/p>\n<p>\u0110\u1ec3 bi\u1ebft th\u00f4ng tin v\u1ec1 an to\u00e0n, h\u00e3y c\u00e2n nh\u1eafc nh\u1eefng \u0111i\u1ec1u sau khi s\u1eed d\u1ee5ng v\u00e0 b\u1ea3o qu\u1ea3n SSBR:<br \/>\n1. Tr\u00e1nh ti\u1ebfp x\u00fac tr\u1ef1c ti\u1ebfp v\u1edbi da v\u00e0 m\u1eaft, \u0111eo g\u0103ng tay v\u00e0 k\u00ednh b\u1ea3o h\u1ed9 th\u00edch h\u1ee3p.<br \/>\n2. V\u1eadn h\u00e0nh \u1edf khu v\u1ef1c th\u00f4ng gi\u00f3 t\u1ed1t \u0111\u1ec3 tr\u00e1nh h\u00edt ph\u1ea3i qu\u00e1 nhi\u1ec1u h\u1ea1t SSBR.<br \/>\n3. Th\u1ef1c hi\u1ec7n theo c\u00e1c khuy\u1ebfn ngh\u1ecb v\u1ec1 c\u00e1ch s\u1eed d\u1ee5ng v\u00e0 x\u1eed l\u00fd do nh\u00e0 cung c\u1ea5p \u0111\u01b0a ra \u0111\u1ec3 tr\u00e1nh c\u00e1c ph\u1ea3n \u1ee9ng kh\u00f4ng an to\u00e0n v\u1edbi c\u00e1c ch\u1ea5t kh\u00e1c.<br \/>\n4. B\u1ea3o qu\u1ea3n SSBR \u1edf n\u01a1i kh\u00f4 r\u00e1o, tho\u00e1ng m\u00e1t, tr\u00e1nh xa l\u1eeda v\u00e0 v\u1eadt li\u1ec7u d\u1ec5 ch\u00e1y.<\/p>\n<\/div>\n<p>&nbsp;<\/p>\n<p>SSBR YH-3103<\/p>\n<p>\u0110\u1eb7c tr\u01b0ng :<br \/>\n\u0110\u1ed3ng tr\u00f9ng h\u1ee3p ng\u1eabu nhi\u00ean<br \/>\nKh\u1ea3 n\u0103ng ch\u1ed1ng va \u0111\u1eadp cao<br \/>\nT\u00ednh ch\u1ea5t quang h\u1ecdc t\u1ed1t<\/p>\n<p>\u1ee8ng d\u1ee5ng \uff1a<br \/>\nS\u1eeda \u0111\u1ed5i ABS\\PS<br \/>\nS\u1eeda \u0111\u1ed5i nh\u1ef1a \u0111\u01b0\u1eddng<br \/>\nGi\u00e0y d\u00e9p<\/p>\n<p>&nbsp;<\/p>\n<p>SSBR YH-5103<\/p>\n<p>\u0110\u1eb7c tr\u01b0ng :<br \/>\n\u0110\u1ed3ng tr\u00f9ng h\u1ee3p ng\u1eabu nhi\u00ean<\/p>\n<p>H\u00e0m l\u01b0\u1ee3ng styrene cao<\/p>\n<p>Kh\u1ea3 n\u0103ng ch\u1ed1ng m\u00e0i m\u00f2n, \u0111\u1ed9 b\u1ec1n cao, \u0111\u1ed9 trong su\u1ed1t t\u1ed1t v\u00e0 \u0111\u1ed9 \u1ed5n \u0111\u1ecbnh k\u00edch th\u01b0\u1edbc trong s\u1ea3n xu\u1ea5t gi\u00e0y<\/p>\n<p>\u1ee8ng d\u1ee5ng:<br \/>\nGi\u00e0y d\u00e9p<br \/>\nS\u1eeda \u0111\u1ed5i nh\u1ef1a<br \/>\nL\u1ed1p xe<\/p>\n<p>&nbsp;<\/p>","protected":false},"excerpt":{"rendered":"<table class=\"table table-bordered\">\n<tbody>\n<tr>\n<td>\u82f1\u6587\u540d<\/td>\n<td>Cao su styren butadien dung d\u1ecbch<\/td>\n<\/tr>\n<tr>\n<td>\u82f1\u6587\u522b\u540d<\/td>\n<td>Cao su styren butadien dung d\u1ecbch<br \/>\nSSBR<br \/>\nTr\u00f9ng h\u1ee3p cao su styren-butadien dung d\u1ecbch<\/td>\n<\/tr>\n<\/tbody>\n<\/table>\n<p>\u0110\u00f3ng g\u00f3i: Bao gi\u1ea5y 25kg<\/p>","protected":false},"featured_media":7855,"template":"","meta":{"_acf_changed":false,"_gspb_post_css":""},"product_brand":[],"product_cat":[62],"product_tag":[],"class_list":{"0":"post-7854","1":"product","2":"type-product","3":"status-publish","4":"has-post-thumbnail","6":"product_cat-rubberplastic-ingredients","8":"first","9":"instock","10":"shipping-taxable","11":"product-type-simple"},"acf":[],"_links":{"self":[{"href":"https:\/\/wpachem.com\/vi\/wp-json\/wp\/v2\/product\/7854","targetHints":{"allow":["GET"]}}],"collection":[{"href":"https:\/\/wpachem.com\/vi\/wp-json\/wp\/v2\/product"}],"about":[{"href":"https:\/\/wpachem.com\/vi\/wp-json\/wp\/v2\/types\/product"}],"version-history":[{"count":0,"href":"https:\/\/wpachem.com\/vi\/wp-json\/wp\/v2\/product\/7854\/revisions"}],"wp:featuredmedia":[{"embeddable":true,"href":"https:\/\/wpachem.com\/vi\/wp-json\/wp\/v2\/media\/7855"}],"wp:attachment":[{"href":"https:\/\/wpachem.com\/vi\/wp-json\/wp\/v2\/media?parent=7854"}],"wp:term":[{"taxonomy":"product_brand","embeddable":true,"href":"https:\/\/wpachem.com\/vi\/wp-json\/wp\/v2\/product_brand?post=7854"},{"taxonomy":"product_cat","embeddable":true,"href":"https:\/\/wpachem.com\/vi\/wp-json\/wp\/v2\/product_cat?post=7854"},{"taxonomy":"product_tag","embeddable":true,"href":"https:\/\/wpachem.com\/vi\/wp-json\/wp\/v2\/product_tag?post=7854"}],"curies":[{"name":"wp","href":"https:\/\/api.w.org\/{rel}","templated":true}]}}