{"id":7863,"date":"2024-04-30T07:24:00","date_gmt":"2024-04-30T07:24:00","guid":{"rendered":"https:\/\/wpachem.com\/?post_type=product&#038;p=7863"},"modified":"2024-04-30T07:24:01","modified_gmt":"2024-04-30T07:24:01","slug":"seps-hydrogenated-styrene-ethylene-propylene-styrene","status":"publish","type":"product","link":"https:\/\/wpachem.com\/vi\/product\/seps-hydrogenated-styrene-ethylene-propylene-styrene\/","title":{"rendered":"SEPS Hydro h\u00f3a Styrene-Ethylene\/Propylene-Styrene"},"content":{"rendered":"<p>Hydrogenated Styrene-Ethylene\/Propylene-Styrene (SEPS) l\u00e0 m\u1ed9t lo\u1ea1i elastomer nhi\u1ec7t d\u1ebbo m\u1edbi thu \u0111\u01b0\u1ee3c b\u1eb1ng c\u00e1ch hydro h\u00f3a ch\u1ecdn l\u1ecdc c\u00e1c li\u00ean k\u1ebft \u0111\u00f4i kh\u00f4ng b\u00e3o h\u00f2a li\u00ean h\u1ee3p trong copolyme kh\u1ed1i Styrene-Isoprene-Styrene (SIS). Hi\u1ec7n t\u1ea1i, ch\u1ec9 c\u00f3 Kuraray t\u1eeb Hoa K\u1ef3, Kuraray t\u1ea1i Nh\u1eadt B\u1ea3n v\u00e0 Balin Petrochemical c\u1ee7a Trung Qu\u1ed1c v\u00e0 Zhejiang Zhongli c\u00f3 kh\u1ea3 n\u0103ng s\u1ea3n xu\u1ea5t c\u00f4ng nghi\u1ec7p \u0111\u1ed1i v\u1edbi SEPS. SEPS th\u1ec3 hi\u1ec7n c\u00e1c \u0111\u1eb7c t\u00ednh ch\u1ed1ng oxy h\u00f3a tuy\u1ec7t v\u1eddi, c\u0169ng nh\u01b0 kh\u1ea3 n\u0103ng ch\u1ed1ng ch\u1ecbu th\u1eddi ti\u1ebft, ch\u1ed1ng axit v\u00e0 ki\u1ec1m, ch\u1ed1ng m\u00e0i m\u00f2n v\u00e0 t\u00ednh linh ho\u1ea1t v\u01b0\u1ee3t tr\u1ed9i, khi\u1ebfn n\u00f3 v\u01b0\u1ee3t tr\u1ed9i h\u01a1n SIS h\u00ecnh sao v\u00e0 tuy\u1ebfn t\u00ednh th\u00f4ng th\u01b0\u1eddng trong c\u00e1c \u1ee9ng d\u1ee5ng th\u1ef1c t\u1ebf. SEPS c\u00f3 tri\u1ec3n v\u1ecdng to l\u1edbn trong c\u00e1c l\u0129nh v\u1ef1c nh\u01b0 y t\u1ebf, th\u1ef1c ph\u1ea9m v\u00e0 truy\u1ec1n th\u00f4ng 5G, v\u1edbi gi\u00e1 tr\u1ecb nghi\u00ean c\u1ee9u \u0111\u00e1ng k\u1ec3.<\/p>","protected":false},"excerpt":{"rendered":"<p>Styrene-Ethylene\/Propylene-Styrene Hydro h\u00f3a (SEPS) l\u00e0 m\u1ed9t lo\u1ea1i elastomer nhi\u1ec7t d\u1ebbo m\u1edbi, \u0111\u01b0\u1ee3c t\u1ea1o ra b\u1eb1ng c\u00e1ch hydro h\u00f3a ch\u1ecdn l\u1ecdc c\u00e1c li\u00ean k\u1ebft \u0111\u00f4i kh\u00f4ng b\u00e3o h\u00f2a li\u00ean h\u1ee3p trong copolymer kh\u1ed1i Styrene-Isoprene-Styrene (SIS). Hi\u1ec7n t\u1ea1i, ch\u1ec9 c\u00f3 Kuraray c\u1ee7a Hoa K\u1ef3, Kuraray c\u1ee7a Nh\u1eadt B\u1ea3n, Balin Petrochemical v\u00e0 Zhejiang Zhongli c\u1ee7a Trung Qu\u1ed1c c\u00f3 n\u0103ng l\u1ef1c s\u1ea3n xu\u1ea5t SEPS c\u00f4ng nghi\u1ec7p. SEPS th\u1ec3 hi\u1ec7n c\u00e1c \u0111\u1eb7c t\u00ednh ch\u1ed1ng oxy h\u00f3a tuy\u1ec7t v\u1eddi, c\u0169ng nh\u01b0 kh\u1ea3 n\u0103ng ch\u1ed1ng ch\u1ecbu th\u1eddi ti\u1ebft v\u01b0\u1ee3t tr\u1ed9i [\u2026]<\/p>","protected":false},"featured_media":7864,"template":"","meta":{"_acf_changed":false,"_gspb_post_css":""},"product_brand":[],"product_cat":[62],"product_tag":[],"class_list":{"0":"post-7863","1":"product","2":"type-product","3":"status-publish","4":"has-post-thumbnail","6":"product_cat-rubberplastic-ingredients","8":"first","9":"instock","10":"shipping-taxable","11":"product-type-simple"},"acf":[],"_links":{"self":[{"href":"https:\/\/wpachem.com\/vi\/wp-json\/wp\/v2\/product\/7863","targetHints":{"allow":["GET"]}}],"collection":[{"href":"https:\/\/wpachem.com\/vi\/wp-json\/wp\/v2\/product"}],"about":[{"href":"https:\/\/wpachem.com\/vi\/wp-json\/wp\/v2\/types\/product"}],"version-history":[{"count":0,"href":"https:\/\/wpachem.com\/vi\/wp-json\/wp\/v2\/product\/7863\/revisions"}],"wp:featuredmedia":[{"embeddable":true,"href":"https:\/\/wpachem.com\/vi\/wp-json\/wp\/v2\/media\/7864"}],"wp:attachment":[{"href":"https:\/\/wpachem.com\/vi\/wp-json\/wp\/v2\/media?parent=7863"}],"wp:term":[{"taxonomy":"product_brand","embeddable":true,"href":"https:\/\/wpachem.com\/vi\/wp-json\/wp\/v2\/product_brand?post=7863"},{"taxonomy":"product_cat","embeddable":true,"href":"https:\/\/wpachem.com\/vi\/wp-json\/wp\/v2\/product_cat?post=7863"},{"taxonomy":"product_tag","embeddable":true,"href":"https:\/\/wpachem.com\/vi\/wp-json\/wp\/v2\/product_tag?post=7863"}],"curies":[{"name":"wp","href":"https:\/\/api.w.org\/{rel}","templated":true}]}}