{"id":7869,"date":"2024-04-30T07:43:55","date_gmt":"2024-04-30T07:43:55","guid":{"rendered":"https:\/\/wpachem.com\/?post_type=product&#038;p=7869"},"modified":"2024-04-30T07:43:56","modified_gmt":"2024-04-30T07:43:56","slug":"ebs-ethylene-bis-stearamide-cas-110-30-5","status":"publish","type":"product","link":"https:\/\/wpachem.com\/vi\/product\/ebs-ethylene-bis-stearamide-cas-110-30-5\/","title":{"rendered":"EBS Ethylene Bis Stearamide CAS 110-30-5"},"content":{"rendered":"<table class=\"table table-bordered\">\n<tbody>\n<tr>\n<td>T\u00ean<\/td>\n<td>Ethylene Bis Stearamide<\/td>\n<\/tr>\n<tr>\n<td>T\u1eeb \u0111\u1ed3ng ngh\u0129a<\/td>\n<td>EBS<br \/>\n1,2-distearamidoethane<br \/>\n<a href=\"https:\/\/www.chembk.com\/en\/chem\/Ethylene%20Bis%20Stearamide\" target=\"_blank\" rel=\"noopener\">Ethylene Bis Steara<\/a>t\u00f4i<a href=\"https:\/\/www.chembk.com\/en\/chem\/Ethylene%20Bis%20Stearamide\" target=\"_blank\" rel=\"noopener\">\u00fd t\u01b0\u1edfng<\/a><br \/>\nN,N-ethylenedi(stearamide)<br \/>\nN,N&#039;-etylen bis-stearamide<br \/>\n2,5-dihexadecylhexanediamide<br \/>\nN,N-Ethylenebisoctadecanamide<br \/>\nN,N&#039;-ethane-1,2-diyldioctadecanamide<\/td>\n<\/tr>\n<\/tbody>\n<\/table>\n<h3 class=\"info\">Ethylene Bis Stearamide \u2013\u00a0<strong>T\u00ednh ch\u1ea5t l\u00fd h\u00f3a<\/strong><\/h3>\n<div class=\"portlet-body\">\n<table class=\"table table-bordered\">\n<tbody>\n<tr>\n<td>C\u00f4ng th\u1ee9c ph\u00e2n t\u1eed<\/td>\n<td>C38H76N2O2<\/td>\n<\/tr>\n<tr>\n<td>Kh\u1ed1i l\u01b0\u1ee3ng mol<\/td>\n<td>593.02<\/td>\n<\/tr>\n<tr>\n<td>T\u1ec9 tr\u1ecdng<\/td>\n<td>0,901g\/cm3<sup>3<\/sup><\/td>\n<\/tr>\n<tr>\n<td>\u0110i\u1ec3m n\u00f3ng ch\u1ea3y<\/td>\n<td>144-146\u2103<\/td>\n<\/tr>\n<tr>\n<td>\u0110i\u1ec3m Boling<\/td>\n<td>724,138\u00b0C \u1edf 760 mmHg<\/td>\n<\/tr>\n<tr>\n<td>\u0110i\u1ec3m ch\u1edbp ch\u00e1y<\/td>\n<td>391,745\u00b0C<\/td>\n<\/tr>\n<tr>\n<td>\u00c1p su\u1ea5t h\u01a1i<\/td>\n<td>0mmHg \u1edf 25\u00b0C<\/td>\n<\/tr>\n<tr>\n<td>V\u1ebb b\u1ec1 ngo\u00e0i<\/td>\n<td>Ch\u1ea5t r\u1eafn m\u00e0u tr\u1eafng, d\u1ea1ng s\u00e1p<\/td>\n<\/tr>\n<tr>\n<td>\u0110i\u1ec1u ki\u1ec7n l\u01b0u tr\u1eef<\/td>\n<td>Nhi\u1ec7t \u0111\u1ed9 ph\u00f2ng<\/td>\n<\/tr>\n<tr>\n<td>Chi\u1ebft su\u1ea5t<\/td>\n<td>1.475<\/td>\n<\/tr>\n<tr>\n<td>MDL<\/td>\n<td>MFCD00059224<\/td>\n<\/tr>\n<\/tbody>\n<\/table>\n<\/div>\n<h3 class=\"info\">Ethylene Bis Stearamide \u2013\u00a0<strong>R\u1ee7i ro v\u00e0 An to\u00e0n<\/strong><\/h3>\n<div class=\"portlet-body\">\n<table class=\"table table-bordered\">\n<tbody>\n<tr>\n<td>Bi\u1ec3u t\u01b0\u1ee3ng nguy hi\u1ec3m<\/td>\n<td>Xi \u2013 Ch\u1ea5t g\u00e2y k\u00edch \u1ee9ng<\/td>\n<\/tr>\n<tr>\n<td>M\u00e3 r\u1ee7i ro<\/td>\n<td>R36\/37\/38 \u2013 G\u00e2y k\u00edch \u1ee9ng m\u1eaft, h\u1ec7 h\u00f4 h\u1ea5p v\u00e0 da.<\/td>\n<\/tr>\n<tr>\n<td>M\u00f4 t\u1ea3 an to\u00e0n<\/td>\n<td>S26 \u2013 Trong tr\u01b0\u1eddng h\u1ee3p ti\u1ebfp x\u00fac v\u1edbi m\u1eaft, r\u1eeda s\u1ea1ch ngay b\u1eb1ng nhi\u1ec1u n\u01b0\u1edbc v\u00e0 t\u00ecm ki\u1ebfm l\u1eddi khuy\u00ean y t\u1ebf.<br \/>\nS36 \u2013 M\u1eb7c qu\u1ea7n \u00e1o b\u1ea3o h\u1ed9 ph\u00f9 h\u1ee3p.<\/td>\n<\/tr>\n<\/tbody>\n<\/table>\n<p>&nbsp;<\/p>\n<\/div>","protected":false},"excerpt":{"rendered":"<table class=\"table table-bordered\">\n<tbody>\n<tr>\n<td>CAS<\/td>\n<td>110-30-5<\/td>\n<\/tr>\n<tr>\n<td>EINECS<\/td>\n<td>203-755-6<\/td>\n<\/tr>\n<tr>\n<td>InChI<\/td>\n<td>InChI=1\/C38H76N2O2\/c1-3-5-7-9-11-13-15-17-19-21-23-25-27-29-31-35(37(39)41)33-34-36(38(40 )42)32-30-28-26-24-22-20-18-16-14-12-10-8-6-4-2\/h35-36H,3-34H2,1-2H3,(H2,39,41)(H2,40,42)<\/td>\n<\/tr>\n<\/tbody>\n<\/table>\n<p><strong>Ethylene Bis Stearamide \u2013 Gi\u1edbi thi\u1ec7u<\/strong><br \/>\nN,N&#039;-(ethane -1, 2-diyl) distearamide, c\u00f2n \u0111\u01b0\u1ee3c g\u1ecdi l\u00e0 dioctyl acetate, l\u00e0 m\u1ed9t h\u1ee3p ch\u1ea5t h\u1eefu c\u01a1. Sau \u0111\u00e2y l\u00e0 m\u00f4 t\u1ea3 ng\u1eafn g\u1ecdn v\u1ec1 b\u1ea3n ch\u1ea5t, c\u00e1ch s\u1eed d\u1ee5ng, c\u00e1ch pha ch\u1ebf v\u00e0 th\u00f4ng tin an to\u00e0n c\u1ee7a n\u00f3.<\/p>\n<p>Thi\u00ean nhi\u00ean:<br \/>\nN,N&#039;-(Ethane -1, 2-diyl) bisstearamide l\u00e0 ch\u1ea5t r\u1eafn d\u1ea1ng s\u00e1p kh\u00f4ng m\u00e0u \u0111\u1ebfn v\u00e0ng nh\u1ea1t. N\u00f3 c\u00f3 \u0111\u1ed9 \u1ed5n \u0111\u1ecbnh nhi\u1ec7t t\u1ed1t v\u00e0 \u0111\u1ed9 bay h\u01a1i th\u1ea5p. N\u00f3 kh\u00f4ng tan trong n\u01b0\u1edbc \u1edf nhi\u1ec7t \u0111\u1ed9 ph\u00f2ng, nh\u01b0ng tan trong dung m\u00f4i h\u1eefu c\u01a1, ch\u1eb3ng h\u1ea1n nh\u01b0 r\u01b0\u1ee3u, xeton v\u00e0 hydrocarbon th\u01a1m.<\/p>\n<p>S\u1eed d\u1ee5ng:<br \/>\nN,N&#039;-(ethane -1,2-diyl) bisstearamide ch\u1ee7 y\u1ebfu \u0111\u01b0\u1ee3c s\u1eed d\u1ee5ng l\u00e0m ch\u1ea5t b\u00f4i tr\u01a1n v\u00e0 ch\u1ea5t d\u1ebbo h\u00f3a. N\u00f3 c\u00f3 \u0111i\u1ec3m n\u00f3ng ch\u1ea3y th\u1ea5p v\u00e0 h\u1ec7 s\u1ed1 ma s\u00e1t cao, v\u00ec v\u1eady n\u00f3 th\u01b0\u1eddng \u0111\u01b0\u1ee3c s\u1eed d\u1ee5ng trong s\u1ea3n xu\u1ea5t c\u00e1c s\u1ea3n ph\u1ea9m nh\u1ef1a, s\u1ea3n ph\u1ea9m cao su v\u00e0 m\u1ee1. Ngo\u00e0i ra, n\u00f3 c\u0169ng c\u00f3 th\u1ec3 \u0111\u01b0\u1ee3c s\u1eed d\u1ee5ng l\u00e0m ch\u1ea5t ph\u1ee5 gia \u0111\u1ec3 ch\u1ebf t\u1ea1o l\u1edbp ph\u1ee7, m\u1ef1c v\u00e0 ch\u1ea5t k\u1ebft d\u00ednh hi\u1ec7u su\u1ea5t cao.<\/p>\n<p>Ph\u01b0\u01a1ng ph\u00e1p chu\u1ea9n b\u1ecb:<br \/>\nVi\u1ec7c \u0111i\u1ec1u ch\u1ebf N,N&#039;-(ethane -1, 2-diyl) bisstearamide th\u01b0\u1eddng thu \u0111\u01b0\u1ee3c b\u1eb1ng c\u00e1ch ph\u1ea3n \u1ee9ng axit oxalic v\u1edbi octanol. B\u01b0\u1edbc c\u1ee5 th\u1ec3 l\u00e0 axit oxalic v\u00e0 octanol \u0111\u01b0\u1ee3c este h\u00f3a khi c\u00f3 ch\u1ea5t x\u00fac t\u00e1c \u0111\u1ec3 t\u1ea1o ra N,N&#039;-(ethane -1, 2-diyl) distearamide. Qu\u00e1 tr\u00ecnh ph\u1ea3n \u1ee9ng c\u1ea7n ki\u1ec3m so\u00e1t nhi\u1ec7t \u0111\u1ed9 ph\u1ea3n \u1ee9ng v\u00e0 th\u1eddi gian ph\u1ea3n \u1ee9ng \u0111\u1ec3 c\u1ea3i thi\u1ec7n s\u1ea3n l\u01b0\u1ee3ng v\u00e0 \u0111\u1ed9 tinh khi\u1ebft.<\/p>\n<p>Th\u00f4ng tin an to\u00e0n:<br \/>\nN,N&#039;-(ethane -1, 2-diyl) distearamide c\u00f3 \u0111\u1ed9c t\u00ednh th\u1ea5p, nh\u01b0ng c\u1ea7n l\u01b0u \u00fd m\u1ed9t s\u1ed1 v\u1ea5n \u0111\u1ec1 v\u1ec1 an to\u00e0n. N\u00f3 c\u00f3 th\u1ec3 g\u00e2y k\u00edch \u1ee9ng cho da, m\u1eaft v\u00e0 h\u1ec7 h\u00f4 h\u1ea5p, v\u00ec v\u1eady c\u1ea7n ph\u1ea3i s\u1eed d\u1ee5ng c\u00e1c bi\u1ec7n ph\u00e1p b\u1ea3o v\u1ec7 th\u00edch h\u1ee3p trong qu\u00e1 tr\u00ecnh v\u1eadn h\u00e0nh, ch\u1eb3ng h\u1ea1n nh\u01b0 g\u0103ng tay, k\u00ednh b\u1ea3o h\u1ed9 v\u00e0 kh\u1ea9u trang. \u0110\u1ed3ng th\u1eddi, c\u0169ng n\u00ean tr\u00e1nh ti\u1ebfp x\u00fac l\u00e2u d\u00e0i v\u1edbi nhi\u1ec7t \u0111\u1ed9 cao ho\u1eb7c ngu\u1ed3n l\u1eeda \u0111\u1ec3 tr\u00e1nh b\u1ecb ch\u00e1y. Trong qu\u00e1 tr\u00ecnh l\u01b0u tr\u1eef v\u00e0 v\u1eadn chuy\u1ec3n, n\u00ean tr\u00e1nh xa axit m\u1ea1nh, ki\u1ec1m v\u00e0 ch\u1ea5t oxy h\u00f3a, v\u00e0 \u0111\u01b0\u1ee3c l\u01b0u tr\u1eef \u1edf n\u01a1i m\u00e1t m\u1ebb v\u00e0 th\u00f4ng gi\u00f3. Khi x\u1ea3y ra r\u00f2 r\u1ec9, n\u00ean lo\u1ea1i b\u1ecf nhanh ch\u00f3ng v\u00e0 ng\u0103n kh\u00f4ng cho n\u00f3 x\u00e2m nh\u1eadp v\u00e0o ngu\u1ed3n n\u01b0\u1edbc ho\u1eb7c \u0111\u1ea5t \u0111\u1ec3 tr\u00e1nh t\u00e1c \u0111\u1ed9ng \u0111\u1ebfn m\u00f4i tr\u01b0\u1eddng. N\u1ebfu c\u1ea7n thi\u1ebft, n\u00ean \u0111\u1ecdc v\u00e0 tu\u00e2n th\u1ee7 c\u00e1c h\u01b0\u1edbng d\u1eabn an to\u00e0n \u0111\u1ed1i v\u1edbi c\u00e1c h\u00f3a ch\u1ea5t c\u00f3 li\u00ean quan tr\u01b0\u1edbc khi s\u1eed d\u1ee5ng.<\/p>","protected":false},"featured_media":7870,"template":"","meta":{"_acf_changed":false,"_gspb_post_css":""},"product_brand":[],"product_cat":[62],"product_tag":[],"class_list":{"0":"post-7869","1":"product","2":"type-product","3":"status-publish","4":"has-post-thumbnail","6":"product_cat-rubberplastic-ingredients","8":"first","9":"instock","10":"shipping-taxable","11":"product-type-simple"},"acf":[],"_links":{"self":[{"href":"https:\/\/wpachem.com\/vi\/wp-json\/wp\/v2\/product\/7869","targetHints":{"allow":["GET"]}}],"collection":[{"href":"https:\/\/wpachem.com\/vi\/wp-json\/wp\/v2\/product"}],"about":[{"href":"https:\/\/wpachem.com\/vi\/wp-json\/wp\/v2\/types\/product"}],"version-history":[{"count":0,"href":"https:\/\/wpachem.com\/vi\/wp-json\/wp\/v2\/product\/7869\/revisions"}],"wp:featuredmedia":[{"embeddable":true,"href":"https:\/\/wpachem.com\/vi\/wp-json\/wp\/v2\/media\/7870"}],"wp:attachment":[{"href":"https:\/\/wpachem.com\/vi\/wp-json\/wp\/v2\/media?parent=7869"}],"wp:term":[{"taxonomy":"product_brand","embeddable":true,"href":"https:\/\/wpachem.com\/vi\/wp-json\/wp\/v2\/product_brand?post=7869"},{"taxonomy":"product_cat","embeddable":true,"href":"https:\/\/wpachem.com\/vi\/wp-json\/wp\/v2\/product_cat?post=7869"},{"taxonomy":"product_tag","embeddable":true,"href":"https:\/\/wpachem.com\/vi\/wp-json\/wp\/v2\/product_tag?post=7869"}],"curies":[{"name":"wp","href":"https:\/\/api.w.org\/{rel}","templated":true}]}}