{"id":7963,"date":"2024-07-04T05:39:18","date_gmt":"2024-07-04T05:39:18","guid":{"rendered":"https:\/\/wpachem.com\/?post_type=product&#038;p=7963"},"modified":"2024-07-04T05:58:53","modified_gmt":"2024-07-04T05:58:53","slug":"yeast-extract-cas-no-8013-01-2-l-linalyl-acetate-radix-scutellariate","status":"publish","type":"product","link":"https:\/\/wpachem.com\/vi\/product\/yeast-extract-cas-no-8013-01-2-l-linalyl-acetate-radix-scutellariate\/","title":{"rendered":"Chi\u1ebft xu\u1ea5t n\u1ea5m men CAS s\u1ed1 8013-01-2 L-linalyl acetate Radix scutellariate"},"content":{"rendered":"<h3 class=\"info\">men \u2013\u00a0<strong>T\u00ednh ch\u1ea5t l\u00fd h\u00f3a<\/strong><\/h3>\n<div class=\"portlet-body\">\n<table class=\"table table-bordered\">\n<tbody>\n<tr>\n<td>\u0110i\u1ec1u ki\u1ec7n l\u01b0u tr\u1eef<\/td>\n<td>Nhi\u1ec7t \u0111\u1ed9 ph\u00f2ng<\/td>\n<\/tr>\n<tr>\n<td>Nh\u1ea1y c\u1ea3m<\/td>\n<td>D\u1ec5 d\u00e0ng h\u1ea5p th\u1ee5 \u0111\u1ed9 \u1ea9m<\/td>\n<\/tr>\n<tr>\n<td>MDL<\/td>\n<td>MFCD00132599<\/td>\n<\/tr>\n<tr>\n<td>S\u1eed d\u1ee5ng<\/td>\n<td>Chi\u1ebft xu\u1ea5t h\u00f2a tan trong n\u01b0\u1edbc c\u1ee7a t\u1ebf b\u00e0o n\u1ea5m men t\u1ef1 ph\u00e2n h\u1ee7y. S\u1ea3n ph\u1ea9m n\u00e0y l\u00e0 h\u1ed7n h\u1ee3p c\u1ee7a c\u00e1c axit amin, peptide, vitamin h\u00f2a tan trong n\u01b0\u1edbc v\u00e0 carbohydrate, v\u00e0 c\u00f3 th\u1ec3 \u0111\u01b0\u1ee3c s\u1eed d\u1ee5ng l\u00e0m ch\u1ea5t ph\u1ee5 gia cho m\u00f4i tr\u01b0\u1eddng nu\u00f4i c\u1ea5y.<\/td>\n<\/tr>\n<\/tbody>\n<\/table>\n<\/div>\n<h3 class=\"info\">men \u2013\u00a0<strong>Th\u1ea9m quy\u1ec1n gi\u1ea3i quy\u1ebft<\/strong><\/h3>\n<div class=\"portlet-body\">\n<table class=\"table table-bordered\">\n<tbody>\n<tr>\n<td>Th\u1ea9m quy\u1ec1n gi\u1ea3i quy\u1ebft<\/p>\n<div class=\"badge text-bg-secondary more\">Hi\u1ec3n th\u1ecb th\u00eam<\/div>\n<\/td>\n<td class=\"refs\">1. V\u01b0\u01a1ng T\u00e2n Xu\u00e2n, T\u1eeb Vi, T\u01b0\u1edfng Ki\u1ebfn T\u00e2n, v.v. Nghi\u00ean c\u1ee9u qu\u00e1 tr\u00ecnh chuy\u1ec3n h\u00f3a trong \u1ed1ng nghi\u1ec7m c\u00e1c s\u1ea3n ph\u1ea9m ph\u00e2n h\u1ee7y oxy h\u00f3a c\u1ee7a wi\u2026<\/td>\n<\/tr>\n<\/tbody>\n<\/table>\n<\/div>\n<h3>men \u2013\u00a0<strong>Gi\u1edbi thi\u1ec7u<\/strong><\/h3>\n<div>Chi\u1ebft xu\u1ea5t n\u1ea5m men c\u1ea5p si\u00eau l\u1ecdc s\u1eed d\u1ee5ng n\u1ea5m men nu\u00f4i c\u1ea5y tinh khi\u1ebft ch\u1ea5t l\u01b0\u1ee3ng cao l\u00e0m nguy\u00ean li\u1ec7u, \u00e1p d\u1ee5ng c\u00f4ng ngh\u1ec7 ph\u00e2n h\u1ee7y sinh h\u1ecdc ti\u00ean ti\u1ebfn v\u00e0 x\u1eed l\u00fd m\u00e0ng v\u00e0 c\u00e1c c\u00f4ng ngh\u1ec7 quan tr\u1ecdng kh\u00e1c, k\u1ebft h\u1ee3p v\u1edbi h\u1ec7 th\u1ed1ng \u0111\u1ea3m b\u1ea3o ch\u1ea5t l\u01b0\u1ee3ng \u0111\u01b0\u1ee3c th\u1ef1c hi\u1ec7n nghi\u00eam ng\u1eb7t v\u00e0 ch\u1ea5t l\u01b0\u1ee3ng s\u1ea3n ph\u1ea9m \u0111\u1ea1t \u0111\u1ebfn tr\u00ecnh \u0111\u1ed9 ti\u00ean ti\u1ebfn qu\u1ed1c t\u1ebf, l\u1ea5p \u0111\u1ea7y kho\u1ea3ng tr\u1ed1ng trong n\u01b0\u1edbc. S\u1ea3n ph\u1ea9m n\u00e0y \u0111\u01b0\u1ee3c ch\u1ebf bi\u1ebfn trong \u0111i\u1ec1u ki\u1ec7n nh\u1ea5t \u0111\u1ecbnh v\u00e0 gi\u1eef l\u1ea1i h\u00e0m l\u01b0\u1ee3ng vitamin v\u00e0 c\u00e1c ch\u1ea5t dinh d\u01b0\u1ee1ng kh\u00e1c, ch\u1eb3ng h\u1ea1n nh\u01b0 axit amin t\u1ef1 do. Gi\u00e0u vitamin, \u0111\u1eb7c bi\u1ec7t l\u00e0 vitamin B ph\u1ee9c h\u1ee3p, c\u00e1c y\u1ebfu t\u1ed1 nh\u01b0 v\u1eady th\u01b0\u1eddng \u0111\u01b0\u1ee3c cung c\u1ea5p trong m\u00f4i tr\u01b0\u1eddng nu\u00f4i c\u1ea5y \u1edf n\u1ed3ng \u0111\u1ed9 0,3-0,5%. N\u00f3 \u0111\u1eb7c bi\u1ec7t th\u00edch h\u1ee3p \u0111\u1ec3 s\u1eed d\u1ee5ng trong vi\u1ec7c nu\u00f4i c\u1ea5y vi sinh v\u1eadt trong s\u1eefa ho\u1eb7c c\u00e1c s\u1ea3n ph\u1ea9m t\u1eeb s\u1eefa kh\u00e1c. S\u1ea3n ph\u1ea9m n\u00e0y ph\u00f9 h\u1ee3p cho nghi\u00ean c\u1ee9u trong ph\u00f2ng th\u00ed nghi\u1ec7m, c\u00f3 l\u1ee3i cho vi\u1ec7c c\u1ea3i thi\u1ec7n qu\u00e1 tr\u00ecnh chuy\u1ec3n h\u00f3a s\u1ea3n ph\u1ea9m ho\u1eb7c m\u1ee9c \u0111\u1ed9 bi\u1ec3u hi\u1ec7n protein c\u1ee7a vi khu\u1ea9n bi\u1ebfn \u0111\u1ed5i gen. Ch\u1ea5t l\u01b0\u1ee3ng s\u1ea3n ph\u1ea9m \u1ed5n \u0111\u1ecbnh v\u00e0 kh\u1ea3 n\u0103ng l\u1eb7p l\u1ea1i khi s\u1eed d\u1ee5ng t\u1ed1t. N\u00f3 c\u00f3 th\u1ec3 \u0111\u00e1p \u1ee9ng \u0111\u1ea7y \u0111\u1ee7 nhu c\u1ea7u s\u1ea3n xu\u1ea5t c\u00f4ng nghi\u1ec7p ti\u00ean ti\u1ebfn c\u1ee7a thu\u1ed1c bi\u1ebfn \u0111\u1ed5i gen, axit hyaluronic, v\u1eafc-xin, interferon, v.v. trong l\u0129nh v\u1ef1c n\u00e0y. 1. Th\u00edch h\u1ee3p cho s\u1ea3n xu\u1ea5t vi sinh v\u1eadt nhanh v\u00e0 nu\u00f4i c\u1ea5y m\u1eadt \u0111\u1ed9 cao 2. \u0110\u1ed9 h\u00f2a tan c\u1ee7a c\u00e1c s\u1ea3n ph\u1ea9m si\u00eau l\u1ecdc l\u1edbn h\u01a1n 20%, c\u00f3 l\u1ee3i cho vi\u1ec7c thanh l\u1ecdc c\u00e1c s\u1ea3n ph\u1ea9m l\u00ean men 3. N\u1ed9i \u0111\u1ed9c t\u1ed1 th\u1ea5p, kh\u1ea3 n\u0103ng l\u1eb7p l\u1ea1i t\u1ed1t (b\u1ed9t n\u1ea5m men tryptone) k\u1ebft h\u1ee3p s\u1eed d\u1ee5ng, hi\u1ec7u qu\u1ea3 t\u1ed1t h\u01a1n: 1. C\u00e1c h\u1ea1t \u0111\u1ed3ng \u0111\u1ec1u, t\u00ednh l\u01b0u \u0111\u1ed9ng t\u1ed1t, c\u1ea3i thi\u1ec7n kh\u1ea3 n\u0103ng h\u1ea5p th\u1ee5 \u0111\u1ed9 \u1ea9m 2. M\u00e0u nh\u1ea1t, dung d\u1ecbch trong v\u00e0 m\u1edd 3. Kh\u00f4ng c\u00f3 k\u1ebft t\u1ee7a kh\u1eed tr\u00f9ng phosphate<\/div>\n<div>C\u1eadp nh\u1eadt l\u1ea7n cu\u1ed1i: 2022-10-16 17:29:02<\/div>\n<h3>men \u2013\u00a0<strong>C\u00f4ng d\u1ee5ng v\u00e0 ph\u01b0\u01a1ng ph\u00e1p t\u1ed5ng h\u1ee3p<\/strong><\/h3>\n<div>\n<p><strong>c\u01a1 ch\u1ebf ho\u1ea1t \u0111\u1ed9ng<\/strong><\/p>\n<p>1. Nucleotide n\u1ea5m men<\/p>\n<p>Nucleotide (Nucleotide, vi\u1ebft t\u1eaft l\u00e0 NT) \u0111\u01b0\u1ee3c h\u00ecnh th\u00e0nh b\u1eb1ng c\u00e1ch li\u00ean k\u1ebft c\u00e1c baz\u01a1 ch\u1ee9a nit\u01a1, ribose ho\u1eb7c deoxyribose v\u00e0 phosphate. \u0110\u00e2y l\u00e0 \u0111\u01a1n v\u1ecb c\u01a1 b\u1ea3n c\u1ee7a axit nucleic v\u00e0 \u0111\u00f3ng vai tr\u00f2 quan tr\u1ecdng trong c\u00e1c sinh v\u1eadt. Vi\u1ec7c b\u1ed5 sung c\u00e1c nucleotide ngo\u1ea1i sinh c\u00f3 th\u1ec3 c\u00f3 t\u00e1c \u0111\u1ed9ng \u0111\u00e1ng k\u1ec3 \u0111\u1ebfn h\u1ec7 th\u1ed1ng mi\u1ec5n d\u1ecbch \u0111\u01b0\u1eddng ti\u00eau h\u00f3a v\u00e0 ch\u1ee9c n\u0103ng gan c\u1ee7a \u0111\u1ed9ng v\u1eadt. Trong nh\u1eefng \u0111i\u1ec1u ki\u1ec7n c\u1ee5 th\u1ec3, c\u00e1c nucleotide c\u1ea7n \u0111\u01b0\u1ee3c b\u1ed5 sung \u0111\u1ec3 \u0111\u1ea3m b\u1ea3o c\u00e1c ch\u1ee9c n\u0103ng sinh l\u00fd b\u00ecnh th\u01b0\u1eddng c\u1ee7a c\u01a1 th\u1ec3.<\/p>\n<p>2. Men \u03b2-glucan<\/p>\n<p>\u03b2-glucan (\u03b2-Glucan) l\u00e0 m\u1ed9t trong nh\u1eefng th\u00e0nh ph\u1ea7n c\u1ea5u tr\u00fac quan tr\u1ecdng nh\u1ea5t c\u1ee7a th\u00e0nh t\u1ebf b\u00e0o n\u1ea5m men, ph\u1ea7n l\u1edbn l\u00e0 c\u00e1c h\u1ea1t kh\u00f4ng tan trong n\u01b0\u1edbc ho\u1eb7c d\u1ea1ng keo. Kh\u00e1c v\u1edbi c\u00e1c lo\u1ea1i \u0111\u01b0\u1eddng kh\u00e1c, monosaccharides c\u1ee7a \u0111\u01b0\u1eddng n\u00f3i chung \u0111\u01b0\u1ee3c li\u00ean k\u1ebft b\u1eb1ng li\u00ean k\u1ebft \u03b2-1,4, trong khi monosaccharides trong \u03b2-glucan \u0111\u01b0\u1ee3c k\u1ebft n\u1ed1i b\u1eb1ng li\u00ean k\u1ebft \u03b2-1,3 v\u00e0 li\u00ean k\u1ebft \u03b2-1,6. Do ph\u01b0\u01a1ng ph\u00e1p li\u00ean k\u1ebft \u0111\u1eb7c bi\u1ec7t v\u00e0 s\u1ef1 t\u1ed3n t\u1ea1i c\u1ee7a li\u00ean k\u1ebft hydro ph\u00e2n t\u1eed, \u03b2-glucan c\u00f3 c\u1ea5u tr\u00fac ph\u00e2n t\u1eed xo\u1eafn \u1ed1c v\u00e0 c\u1ea5u h\u00ecnh \u0111\u1eb7c bi\u1ec7t c\u1ee7a n\u00f3 d\u1ec5 d\u00e0ng \u0111\u01b0\u1ee3c h\u1ec7 th\u1ed1ng mi\u1ec5n d\u1ecbch ch\u1ea5p nh\u1eadn. C\u00e1c nghi\u00ean c\u1ee9u \u0111\u00e3 ch\u1ec9 ra r\u1eb1ng \u03b2-glucan l\u00e0 ma tr\u1eadn c\u1ee7a ph\u1ea3n \u1ee9ng mi\u1ec5n d\u1ecbch, c\u00f3 th\u1ec3 k\u00edch th\u00edch s\u1ef1 t\u0103ng sinh c\u1ee7a t\u1ebf b\u00e0o lympho \u1edf \u0111\u1ed9ng v\u1eadt, k\u00edch ho\u1ea1t b\u1ed5 th\u1ec3 c\u1ee7a \u0111\u1ea1i th\u1ef1c b\u00e0o \u1edf \u0111\u1ed9ng v\u1eadt, th\u00fac \u0111\u1ea9y s\u1ef1 h\u00ecnh th\u00e0nh kh\u00e1ng th\u1ec3 v\u00e0 g\u00e2y ra s\u1ea3n xu\u1ea5t interferon, \u0111\u1ed3ng th\u1eddi t\u0103ng c\u01b0\u1eddng kh\u1ea3 n\u0103ng mi\u1ec5n d\u1ecbch t\u1ebf b\u00e0o v\u00e0 ch\u1ee9c n\u0103ng mi\u1ec5n d\u1ecbch d\u1ecbch th\u1ec3, do \u0111\u00f3 c\u1ea3i thi\u1ec7n ch\u1ee9c n\u0103ng mi\u1ec5n d\u1ecbch \u0111\u1eb7c hi\u1ec7u v\u00e0 kh\u00f4ng \u0111\u1eb7c hi\u1ec7u c\u1ee7a c\u01a1 th\u1ec3, c\u1ea3i thi\u1ec7n s\u1ee9c kh\u1ecfe \u0111\u1ed9ng v\u1eadt v\u00e0 c\u1ea3i thi\u1ec7n t\u1ef7 l\u1ec7 s\u1ed1ng s\u00f3t.<\/p>\n<p><strong>Chu\u1ea9n b\u1ecb c\u00e1c ch\u1ee7ng<\/strong><\/p>\n<p>C\u00e1c ch\u1ee7ng \u0111\u01b0\u1ee3c s\u1eed d\u1ee5ng l\u00e0 n\u1ea5m men bia (Scerevisiaec Hansen) v\u00e0 pseudomonas \u0111\u1ecf (Rhodopseudomonas). Nu\u00f4i c\u1ea5y h\u1ed7n h\u1ee3p trong m\u00f4i tr\u01b0\u1eddng l\u1ecfng. Th\u00e0nh ph\u1ea7n c\u1ee7a m\u00f4i tr\u01b0\u1eddng nu\u00f4i c\u1ea5y l\u00e0: glucose 3%, amoni sulfat 0,5%, canxi cacbonat 0,003%, natri clorua 0,02%, chi\u1ebft xu\u1ea5t n\u1ea5m men 0,2%, kh\u1eed tr\u00f9ng \u1edf 121 \u2103 trong 30 l\u1ea7n, l\u00e0m m\u00e1t v\u00e0 k\u1ebft n\u1ed1i v\u1edbi hai ch\u1ee7ng tr\u00ean. \u0110i\u1ec1u ki\u1ec7n nu\u00f4i c\u1ea5y: 30 \u00b1 1 \u2103, th\u00f4ng gi\u00f3 ng\u1eaft qu\u00e3ng, th\u00f4ng gi\u00f3 1: 0,5-1: 0,8 vvm, t\u1ed1c \u0111\u1ed9 khu\u1ea5y 150 v\u00f2ng \/ ph\u00fat, nu\u00f4i c\u1ea5y 2-3 ng\u00e0y, t\u1ee9c l\u00e0 ch\u1ea5t l\u1ecfng h\u1ea1t tr\u01b0\u1edfng th\u00e0nh.<\/p>\n<\/div>\n<div>C\u1eadp nh\u1eadt l\u1ea7n cu\u1ed1i: 2024-04-09 01:59:50<\/div>","protected":false},"excerpt":{"rendered":"<table class=\"table table-bordered\">\n<tbody>\n<tr>\n<td>T\u00ean<\/td>\n<td>men<\/td>\n<\/tr>\n<tr>\n<td>T\u1eeb \u0111\u1ed3ng ngh\u0129a<\/td>\n<td>men<br \/>\nChi\u1ebft xu\u1ea5t n\u1ea5m men<br \/>\nL-linalyl axetat<br \/>\nRadix scutellariat (Radix h\u00ecnh \u0111\u1ea7u s\u01b0 t\u1eed)<br \/>\nR\u1ec5 c\u00e2y Baikal Skullcap<br \/>\n5 KG CHI\u1ebeT XU\u1ea4T MEN SERVABACTERPOWDER<\/td>\n<\/tr>\n<tr>\n<td>CAS<\/td>\n<td>8013-01-2<\/td>\n<\/tr>\n<tr>\n<td>EINECS<\/td>\n<td>232-387-9<\/td>\n<\/tr>\n<\/tbody>\n<\/table>","protected":false},"featured_media":7965,"template":"elementor_theme","meta":{"_acf_changed":false,"_gspb_post_css":""},"product_brand":[],"product_cat":[55,101],"product_tag":[],"class_list":{"0":"post-7963","1":"product","2":"type-product","3":"status-publish","4":"has-post-thumbnail","6":"product_cat-food-additives","7":"product_cat-flavour-enhancer-food-additives","9":"first","10":"instock","11":"shipping-taxable","12":"product-type-simple"},"acf":[],"_links":{"self":[{"href":"https:\/\/wpachem.com\/vi\/wp-json\/wp\/v2\/product\/7963","targetHints":{"allow":["GET"]}}],"collection":[{"href":"https:\/\/wpachem.com\/vi\/wp-json\/wp\/v2\/product"}],"about":[{"href":"https:\/\/wpachem.com\/vi\/wp-json\/wp\/v2\/types\/product"}],"version-history":[{"count":0,"href":"https:\/\/wpachem.com\/vi\/wp-json\/wp\/v2\/product\/7963\/revisions"}],"wp:featuredmedia":[{"embeddable":true,"href":"https:\/\/wpachem.com\/vi\/wp-json\/wp\/v2\/media\/7965"}],"wp:attachment":[{"href":"https:\/\/wpachem.com\/vi\/wp-json\/wp\/v2\/media?parent=7963"}],"wp:term":[{"taxonomy":"product_brand","embeddable":true,"href":"https:\/\/wpachem.com\/vi\/wp-json\/wp\/v2\/product_brand?post=7963"},{"taxonomy":"product_cat","embeddable":true,"href":"https:\/\/wpachem.com\/vi\/wp-json\/wp\/v2\/product_cat?post=7963"},{"taxonomy":"product_tag","embeddable":true,"href":"https:\/\/wpachem.com\/vi\/wp-json\/wp\/v2\/product_tag?post=7963"}],"curies":[{"name":"wp","href":"https:\/\/api.w.org\/{rel}","templated":true}]}}